{"id":8,"date":"2023-12-14T21:25:50","date_gmt":"2023-12-14T20:25:50","guid":{"rendered":"https:\/\/www.villabianca.pl\/?page_id=8"},"modified":"2024-03-21T13:55:57","modified_gmt":"2024-03-21T12:55:57","slug":"strona-glowna","status":"publish","type":"page","link":"https:\/\/www.villabianca.pl\/de\/","title":{"rendered":"Startseite"},"content":{"rendered":"<style>.kb-row-layout-id8_bfe43f-1d > .kt-row-column-wrap{align-content:start;}:where(.kb-row-layout-id8_bfe43f-1d > .kt-row-column-wrap) > .wp-block-kadence-column{justify-content:start;}.kb-row-layout-id8_bfe43f-1d > .kt-row-column-wrap{column-gap:var(--global-kb-gap-md, 2rem);row-gap:var(--global-kb-gap-md, 2rem);padding-top:var(--global-kb-spacing-sm, 1.5rem);padding-bottom:var(--global-kb-spacing-sm, 1.5rem);grid-template-columns:minmax(0, calc(55% - ((var(--global-kb-gap-md, 2rem) * 1 )\/2))) minmax(0, calc(45% - ((var(--global-kb-gap-md, 2rem) * 1 )\/2)));}.kb-row-layout-id8_bfe43f-1d > .kt-row-layout-overlay{opacity:0.30;}@media all and (max-width: 1024px){.kb-row-layout-id8_bfe43f-1d > .kt-row-column-wrap{grid-template-columns:repeat(2, minmax(0, 1fr));}}@media all and (max-width: 767px){.kb-row-layout-id8_bfe43f-1d > .kt-row-column-wrap{grid-template-columns:minmax(0, 1fr);}}<\/style><div class=\"kb-row-layout-wrap kb-row-layout-id8_bfe43f-1d alignnone wp-block-kadence-rowlayout\"><div class=\"kt-row-column-wrap kt-has-2-columns kt-row-layout-equal kt-tab-layout-inherit kt-mobile-layout-row kt-row-valign-top\">\n<style>.kadence-column8_e748fb-da > .kt-inside-inner-col,.kadence-column8_e748fb-da > .kt-inside-inner-col:before{border-top-left-radius:0px;border-top-right-radius:0px;border-bottom-right-radius:0px;border-bottom-left-radius:0px;}.kadence-column8_e748fb-da > .kt-inside-inner-col{column-gap:var(--global-kb-gap-sm, 1rem);}.kadence-column8_e748fb-da > .kt-inside-inner-col{flex-direction:column;}.kadence-column8_e748fb-da > .kt-inside-inner-col > .aligncenter{width:100%;}.kadence-column8_e748fb-da > .kt-inside-inner-col:before{opacity:0.3;}.kadence-column8_e748fb-da{position:relative;}@media all and (max-width: 1024px){.kadence-column8_e748fb-da > .kt-inside-inner-col{flex-direction:column;}}@media all and (max-width: 767px){.kadence-column8_e748fb-da > .kt-inside-inner-col{flex-direction:column;}}<\/style>\n<div class=\"wp-block-kadence-column kadence-column8_e748fb-da\"><div class=\"kt-inside-inner-col\">\n<h1 data-wp-editing=\"1\"><img loading=\"lazy\" decoding=\"async\" class=\"alignnone wp-image-18\" src=\"https:\/\/www.villabianca.pl\/wp-content\/uploads\/2023\/12\/kropka-min.png\" alt=\"\" width=\"13\" height=\"17\" \/> \u00dcber uns<\/h1>\n<p><br \/>Wir haben die Villa Bianca f\u00fcr eine riesige Vorliebe f\u00fcr diese Region und ihre Bewohner gebaut \u2013 seit Generationen mit ihnen verbunden, von ihrer Freundlichkeit ergriffen, f\u00fcr die wilde Natur sehr begeistert. Genie\u00dfen Sie Ihren Urlaub mit uns. Wir stellen Ihnen zur Verf\u00fcgung Zimmer mit Badezimmern und einen Parkplatz.<\/p>\n<p><br \/>Inspiriert von der Natur haben wir unsere Zimmer in den sch\u00f6nen Farben der umliegenden Natur eingerichtet. Das Erdgeschoss ist in der Farbe des Himmels und Meereswellen erhalten. Das Orange ersten Stocks erinnert an die untergehende Sonne, das Erdgeschoss dagegen bezieht sich aufs Gr\u00fcne von W\u00e4ldern. W\u00e4rme, Textur und Nat\u00fcrlichkeit von Holz, Sand und Stein, sowohl auch schneewei\u00dfe Fliesen in den ger\u00e4umigen Badezimmern erg\u00e4nzen die h\u00e4usliche und komfortable Atmosph\u00e4re.<\/p>\n<p><br \/>Das Geb\u00e4ude befindet sich nur 300 Meter vom breiten, sauberen Sandstrand und zugleich in der N\u00e4he vom Zentrum unserer kleinen Stadt.<br \/>Feinschmecker von Fisch und Bier sowie auch von sportlichen Aktivit\u00e4ten finden da zahlreiche Attraktionen. Wir empfehlen f\u00fcr Sie und f\u00fcr Familien mit kleinen Kindern Volleyball-, Basketball-, Fu\u00dfball- und Tennisplatz, Fitnessraum, Aktivit\u00e4ten im Freien, Fahrradverleih und Spielpl\u00e4tze f\u00fcr Kinder. All dies gibt es in der N\u00e4he von Villa Bianca, etwa 100 &#8211; 300 Meter entfernt.<br \/>Direkt hinter unserer Villa gibt es einen Teich, der Stolz der Bewohner; angeblich kann man drin einen goldenen Fisch fangen. Man kann es hier, in <br \/>der Stille des Gr\u00fcnen spazieren gehen oder einfach ausruhen oder ein Buch lesen. Die Wildenten, die st\u00e4ndig in einem H\u00e4uschen auf dem Wasser wohnen, geben dem Ort den Charme zu.<\/p>\n<p>\u00a0<\/p>\n<\/div><\/div>\n\n\n<style>.kadence-column8_c6db34-e0 > .kt-inside-inner-col,.kadence-column8_c6db34-e0 > .kt-inside-inner-col:before{border-top-left-radius:0px;border-top-right-radius:0px;border-bottom-right-radius:0px;border-bottom-left-radius:0px;}.kadence-column8_c6db34-e0 > .kt-inside-inner-col{column-gap:var(--global-kb-gap-sm, 1rem);}.kadence-column8_c6db34-e0 > .kt-inside-inner-col{flex-direction:column;}.kadence-column8_c6db34-e0 > .kt-inside-inner-col > .aligncenter{width:100%;}.kadence-column8_c6db34-e0 > .kt-inside-inner-col:before{opacity:0.3;}.kadence-column8_c6db34-e0{position:relative;}@media all and (max-width: 1024px){.kadence-column8_c6db34-e0 > .kt-inside-inner-col{flex-direction:column;}}@media all and (max-width: 767px){.kadence-column8_c6db34-e0 > .kt-inside-inner-col{flex-direction:column;}}<\/style>\n<div class=\"wp-block-kadence-column kadence-column8_c6db34-e0\"><div class=\"kt-inside-inner-col\">\n<figure class=\"wp-block-image size-full\"><img loading=\"lazy\" decoding=\"async\" width=\"900\" height=\"1007\" src=\"https:\/\/www.villabianca.pl\/wp-content\/uploads\/2024\/03\/Villa_Bianca_layout_www-2.jpg\" alt=\"\" class=\"wp-image-642\"\/><\/figure>\n<\/div><\/div>\n\n<\/div><\/div>","protected":false},"excerpt":{"rendered":"<p>\u00dcber uns Wir haben die Villa Bianca f\u00fcr eine riesige Vorliebe f\u00fcr diese Region und ihre Bewohner gebaut \u2013 seit Generationen mit ihnen verbunden, von [&hellip;]<\/p>\n","protected":false},"author":1,"featured_media":0,"parent":0,"menu_order":0,"comment_status":"closed","ping_status":"closed","template":"home.php","meta":{"_acf_changed":false,"footnotes":""},"class_list":["post-8","page","type-page","status-publish","hentry"],"acf":[],"yoast_head":"<!-- This site is optimized with the Yoast SEO plugin v22.3 - https:\/\/yoast.com\/wordpress\/plugins\/seo\/ -->\n<title>Startseite - Villa Bianca<\/title>\n<meta name=\"robots\" content=\"index, follow, max-snippet:-1, max-image-preview:large, max-video-preview:-1\" \/>\n<link rel=\"canonical\" href=\"https:\/\/www.villabianca.pl\/\" \/>\n<meta property=\"og:locale\" content=\"de_DE\" \/>\n<meta property=\"og:type\" content=\"article\" \/>\n<meta property=\"og:title\" content=\"[:pl]Strona g\u0142\u00f3wna[:en]Home[:de]Startseite[:] - Villa Bianca\" \/>\n<meta property=\"og:description\" content=\"\u00dcber uns Wir haben die Villa Bianca f\u00fcr eine riesige Vorliebe f\u00fcr diese Region und ihre Bewohner gebaut \u2013 seit Generationen mit ihnen verbunden, von [&hellip;]\" \/>\n<meta property=\"og:url\" content=\"https:\/\/www.villabianca.pl\/\" \/>\n<meta property=\"og:site_name\" content=\"Villa Bianca\" \/>\n<meta property=\"article:modified_time\" content=\"2024-03-21T12:55:57+00:00\" \/>\n<meta property=\"og:image\" content=\"https:\/\/www.villabianca.pl\/wp-content\/uploads\/2023\/12\/kropka-min.png\" \/>\n<meta name=\"twitter:card\" content=\"summary_large_image\" \/>\n<meta name=\"twitter:label1\" content=\"Gesch\u00e4tzte Lesezeit\" \/>\n\t<meta name=\"twitter:data1\" content=\"2\u00a0Minuten\" \/>\n<script type=\"application\/ld+json\" class=\"yoast-schema-graph\">{\"@context\":\"https:\/\/schema.org\",\"@graph\":[{\"@type\":\"WebPage\",\"@id\":\"https:\/\/www.villabianca.pl\/\",\"url\":\"https:\/\/www.villabianca.pl\/\",\"name\":\"[:pl]Strona g\u0142\u00f3wna[:en]Home[:de]Startseite[:] - Villa Bianca\",\"isPartOf\":{\"@id\":\"https:\/\/www.villabianca.pl\/#website\"},\"primaryImageOfPage\":{\"@id\":\"https:\/\/www.villabianca.pl\/#primaryimage\"},\"image\":{\"@id\":\"https:\/\/www.villabianca.pl\/#primaryimage\"},\"thumbnailUrl\":\"https:\/\/www.villabianca.pl\/wp-content\/uploads\/2023\/12\/kropka-min.png\",\"datePublished\":\"2023-12-14T20:25:50+00:00\",\"dateModified\":\"2024-03-21T12:55:57+00:00\",\"breadcrumb\":{\"@id\":\"https:\/\/www.villabianca.pl\/#breadcrumb\"},\"inLanguage\":\"de\",\"potentialAction\":[{\"@type\":\"ReadAction\",\"target\":[\"https:\/\/www.villabianca.pl\/\"]}]},{\"@type\":\"ImageObject\",\"inLanguage\":\"de\",\"@id\":\"https:\/\/www.villabianca.pl\/#primaryimage\",\"url\":\"https:\/\/www.villabianca.pl\/wp-content\/uploads\/2023\/12\/kropka-min.png\",\"contentUrl\":\"https:\/\/www.villabianca.pl\/wp-content\/uploads\/2023\/12\/kropka-min.png\",\"width\":20,\"height\":26},{\"@type\":\"BreadcrumbList\",\"@id\":\"https:\/\/www.villabianca.pl\/#breadcrumb\",\"itemListElement\":[{\"@type\":\"ListItem\",\"position\":1,\"name\":\"Strona g\u0142\u00f3wna\",\"item\":\"https:\/\/www.villabianca.pl\/\"},{\"@type\":\"ListItem\",\"position\":2,\"name\":\"Startseite\"}]},{\"@type\":\"WebSite\",\"@id\":\"https:\/\/www.villabianca.pl\/#website\",\"url\":\"https:\/\/www.villabianca.pl\/\",\"name\":\"Villa Bianca\",\"description\":\"Kolejna witryna oparta na WordPressie\",\"potentialAction\":[{\"@type\":\"SearchAction\",\"target\":{\"@type\":\"EntryPoint\",\"urlTemplate\":\"https:\/\/www.villabianca.pl\/?s={search_term_string}\"},\"query-input\":\"required name=search_term_string\"}],\"inLanguage\":\"de\"}]}<\/script>\n<!-- \/ Yoast SEO plugin. -->","yoast_head_json":{"title":"[:pl]Strona g\u0142\u00f3wna[:en]Home[:de]Startseite[:] - Villa Bianca","robots":{"index":"index","follow":"follow","max-snippet":"max-snippet:-1","max-image-preview":"max-image-preview:large","max-video-preview":"max-video-preview:-1"},"canonical":"https:\/\/www.villabianca.pl\/","og_locale":"de_DE","og_type":"article","og_title":"[:pl]Strona g\u0142\u00f3wna[:en]Home[:de]Startseite[:] - Villa Bianca","og_description":"\u00dcber uns Wir haben die Villa Bianca f\u00fcr eine riesige Vorliebe f\u00fcr diese Region und ihre Bewohner gebaut \u2013 seit Generationen mit ihnen verbunden, von [&hellip;]","og_url":"https:\/\/www.villabianca.pl\/","og_site_name":"Villa Bianca","article_modified_time":"2024-03-21T12:55:57+00:00","og_image":[{"url":"https:\/\/www.villabianca.pl\/wp-content\/uploads\/2023\/12\/kropka-min.png"}],"twitter_card":"summary_large_image","twitter_misc":{"Gesch\u00e4tzte Lesezeit":"2\u00a0Minuten"},"schema":{"@context":"https:\/\/schema.org","@graph":[{"@type":"WebPage","@id":"https:\/\/www.villabianca.pl\/","url":"https:\/\/www.villabianca.pl\/","name":"[:pl]Strona g\u0142\u00f3wna[:en]Home[:de]Startseite[:] - Villa Bianca","isPartOf":{"@id":"https:\/\/www.villabianca.pl\/#website"},"primaryImageOfPage":{"@id":"https:\/\/www.villabianca.pl\/#primaryimage"},"image":{"@id":"https:\/\/www.villabianca.pl\/#primaryimage"},"thumbnailUrl":"https:\/\/www.villabianca.pl\/wp-content\/uploads\/2023\/12\/kropka-min.png","datePublished":"2023-12-14T20:25:50+00:00","dateModified":"2024-03-21T12:55:57+00:00","breadcrumb":{"@id":"https:\/\/www.villabianca.pl\/#breadcrumb"},"inLanguage":"de","potentialAction":[{"@type":"ReadAction","target":["https:\/\/www.villabianca.pl\/"]}]},{"@type":"ImageObject","inLanguage":"de","@id":"https:\/\/www.villabianca.pl\/#primaryimage","url":"https:\/\/www.villabianca.pl\/wp-content\/uploads\/2023\/12\/kropka-min.png","contentUrl":"https:\/\/www.villabianca.pl\/wp-content\/uploads\/2023\/12\/kropka-min.png","width":20,"height":26},{"@type":"BreadcrumbList","@id":"https:\/\/www.villabianca.pl\/#breadcrumb","itemListElement":[{"@type":"ListItem","position":1,"name":"Strona g\u0142\u00f3wna","item":"https:\/\/www.villabianca.pl\/"},{"@type":"ListItem","position":2,"name":"Startseite"}]},{"@type":"WebSite","@id":"https:\/\/www.villabianca.pl\/#website","url":"https:\/\/www.villabianca.pl\/","name":"Villa Bianca","description":"Kolejna witryna oparta na WordPressie","potentialAction":[{"@type":"SearchAction","target":{"@type":"EntryPoint","urlTemplate":"https:\/\/www.villabianca.pl\/?s={search_term_string}"},"query-input":"required name=search_term_string"}],"inLanguage":"de"}]}},"_links":{"self":[{"href":"https:\/\/www.villabianca.pl\/de\/wp-json\/wp\/v2\/pages\/8","targetHints":{"allow":["GET"]}}],"collection":[{"href":"https:\/\/www.villabianca.pl\/de\/wp-json\/wp\/v2\/pages"}],"about":[{"href":"https:\/\/www.villabianca.pl\/de\/wp-json\/wp\/v2\/types\/page"}],"author":[{"embeddable":true,"href":"https:\/\/www.villabianca.pl\/de\/wp-json\/wp\/v2\/users\/1"}],"replies":[{"embeddable":true,"href":"https:\/\/www.villabianca.pl\/de\/wp-json\/wp\/v2\/comments?post=8"}],"version-history":[{"count":25,"href":"https:\/\/www.villabianca.pl\/de\/wp-json\/wp\/v2\/pages\/8\/revisions"}],"predecessor-version":[{"id":643,"href":"https:\/\/www.villabianca.pl\/de\/wp-json\/wp\/v2\/pages\/8\/revisions\/643"}],"wp:attachment":[{"href":"https:\/\/www.villabianca.pl\/de\/wp-json\/wp\/v2\/media?parent=8"}],"curies":[{"name":"wp","href":"https:\/\/api.w.org\/{rel}","templated":true}]}}